{"id":38,"date":"2023-09-07T18:20:49","date_gmt":"2023-09-07T18:20:49","guid":{"rendered":"https:\/\/ippsy-projekt.de\/?page_id=38"},"modified":"2023-09-15T06:03:37","modified_gmt":"2023-09-15T06:03:37","slug":"impressum","status":"publish","type":"page","link":"https:\/\/ippsy-projekt.de\/en\/impressum\/","title":{"rendered":"Imprint"},"content":{"rendered":"<p>Prof. Dr. Kristin B\u00fchrig<br>University of Hamburg<br>Von-Melle-Park 6, Postfach #15 <\/p>\n\n\n\n<p>20146 Hamburg<br>Deutschland<\/p>\n\n\n\n<p>Tel.: +49 40 42838-4775<br>Fax: +49 40 42838-3553<\/p>\n\n\n\n<h2 class=\"wp-block-heading\" id=\"toc_0\">Inhaltliche Verantwortlichkeit i. S. v. \u00a7 5 TMG und \u00a7 18 Abs. 2 MStV<\/h2>\n\n\n\n<p>F\u00fcr die Richtigkeit und Aktualit\u00e4t der ver\u00f6ffentlichten Inhalte (auch Kommentare von Leserinnen und Lesern) sind die jeweiligen Erstellerinnen und Ersteller der einzelnen Seiten verantwortlich.<\/p>\n\n\n\n<p>Prof. Dr. Kristin B\u00fchrig<br>Institut f\u00fcr Germanistik, Von-Melle-Park 6, Postfach #15, 20146 Hamburg<br>Tel.: +49 40 42838-4775<br>E-Mail:\u00a0kristin.buehrig@uni-hamburg.de<\/p>\n\n\n\n<h2 class=\"wp-block-heading\" id=\"toc_1\">Technische Verantwortlichkeit<\/h2>\n\n\n\n<p>Webmaster\/in:<br>Marcel Fladrich<br>Tel.: +49 40 42838-6287<br>E-Mail:&nbsp;<a href=\"mailto:marcel.fladrich@uni-hamburg.de\">marcel.fladrich@uni-hamburg.de<\/a><\/p>\n\n\n\n<h2 class=\"wp-block-heading\" id=\"toc_2\">Zentrale Adresse der Universit\u00e4t Hamburg<\/h2>\n\n\n\n<p>University of Hamburg<br>Mittelweg 177<br>20148 Hamburg<br>Deutschland<br>Tel.: +49 40 42838-0<br>Fax: +49 40 42838-9586<\/p>\n\n\n\n<h2 class=\"wp-block-heading\" id=\"toc_3\">Rechtsform und gesetzliche Vertretung<\/h2>\n\n\n\n<p>Die Universit\u00e4t Hamburg ist eine K\u00f6rperschaft des \u00d6ffentlichen Rechts. Sie wird gesetzlich vertreten durch Univ.-Prof. Dr. Hauke Heekeren, Pr\u00e4sident der Universit\u00e4t Hamburg, Mittelweg 177, 20148 Hamburg, Deutschland.<\/p>\n\n\n\n<h2 class=\"wp-block-heading\" id=\"toc_4\">Zust\u00e4ndige Aufsichtsbeh\u00f6rde<\/h2>\n\n\n\n<p>Beh\u00f6rde f\u00fcr Wissenschaft, Forschung, Gleichstellung und Bezirke der Freien und Hansestadt Hamburg<br>Hamburger Stra\u00dfe 37, 22083 Hamburg<\/p>\n\n\n\n<h2 class=\"wp-block-heading\" id=\"toc_5\">Umsatzsteueridentifikationsnummer<\/h2>\n\n\n\n<p>DE 245 584 140<\/p>","protected":false},"excerpt":{"rendered":"<p>Prof. Dr. Kristin B\u00fchrigUniversit\u00e4t HamburgVon-Melle-Park 6, Postfach #15 20146 HamburgDeutschland Tel.: +49 40 42838-4775Fax: +49 40 42838-3553 Inhaltliche Verantwortlichkeit i. S. v. \u00a7 5 TMG und \u00a7 18 Abs. 2 MStV F\u00fcr die Richtigkeit und Aktualit\u00e4t der ver\u00f6ffentlichten Inhalte (auch Kommentare von Leserinnen und Lesern) sind die jeweiligen Erstellerinnen und Ersteller der einzelnen Seiten verantwortlich. [&hellip;]<\/p>","protected":false},"author":1,"featured_media":0,"parent":0,"menu_order":0,"comment_status":"closed","ping_status":"closed","template":"","meta":{"site-container-style":"default","site-container-layout":"default","site-sidebar-layout":"default","disable-article-header":"default","disable-site-header":"default","disable-site-footer":"default","disable-content-area-spacing":"default","footnotes":""},"yoast_head":"<!-- This site is optimized with the Yoast SEO plugin v21.7 - https:\/\/yoast.com\/wordpress\/plugins\/seo\/ -->\n<title>Impressum - Dolmetschen in der Psychotherapie<\/title>\n<meta name=\"robots\" content=\"index, follow, max-snippet:-1, max-image-preview:large, max-video-preview:-1\" \/>\n<link rel=\"canonical\" href=\"https:\/\/ippsy-projekt.de\/en\/impressum\/\" \/>\n<meta property=\"og:locale\" content=\"en_GB\" \/>\n<meta property=\"og:type\" content=\"article\" \/>\n<meta property=\"og:title\" content=\"Impressum - Dolmetschen in der Psychotherapie\" \/>\n<meta property=\"og:description\" content=\"Prof. Dr. Kristin B\u00fchrigUniversit\u00e4t HamburgVon-Melle-Park 6, Postfach #15 20146 HamburgDeutschland Tel.: +49 40 42838-4775Fax: +49 40 42838-3553 Inhaltliche Verantwortlichkeit i. S. v. \u00a7 5 TMG und \u00a7 18 Abs. 2 MStV F\u00fcr die Richtigkeit und Aktualit\u00e4t der ver\u00f6ffentlichten Inhalte (auch Kommentare von Leserinnen und Lesern) sind die jeweiligen Erstellerinnen und Ersteller der einzelnen Seiten verantwortlich. [&hellip;]\" \/>\n<meta property=\"og:url\" content=\"https:\/\/ippsy-projekt.de\/en\/impressum\/\" \/>\n<meta property=\"og:site_name\" content=\"Dolmetschen in der Psychotherapie\" \/>\n<meta property=\"article:modified_time\" content=\"2023-09-15T06:03:37+00:00\" \/>\n<meta name=\"twitter:card\" content=\"summary_large_image\" \/>\n<meta name=\"twitter:label1\" content=\"Estimated reading time\" \/>\n\t<meta name=\"twitter:data1\" content=\"1 minute\" \/>\n<script type=\"application\/ld+json\" class=\"yoast-schema-graph\">{\"@context\":\"https:\/\/schema.org\",\"@graph\":[{\"@type\":\"WebPage\",\"@id\":\"https:\/\/ippsy-projekt.de\/impressum\/\",\"url\":\"https:\/\/ippsy-projekt.de\/impressum\/\",\"name\":\"Impressum - Dolmetschen in der Psychotherapie\",\"isPartOf\":{\"@id\":\"https:\/\/ippsy-projekt.de\/#website\"},\"datePublished\":\"2023-09-07T18:20:49+00:00\",\"dateModified\":\"2023-09-15T06:03:37+00:00\",\"breadcrumb\":{\"@id\":\"https:\/\/ippsy-projekt.de\/impressum\/#breadcrumb\"},\"inLanguage\":\"en-GB\",\"potentialAction\":[{\"@type\":\"ReadAction\",\"target\":[\"https:\/\/ippsy-projekt.de\/impressum\/\"]}]},{\"@type\":\"BreadcrumbList\",\"@id\":\"https:\/\/ippsy-projekt.de\/impressum\/#breadcrumb\",\"itemListElement\":[{\"@type\":\"ListItem\",\"position\":1,\"name\":\"Startseite\",\"item\":\"https:\/\/ippsy-projekt.de\/\"},{\"@type\":\"ListItem\",\"position\":2,\"name\":\"Impressum\"}]},{\"@type\":\"WebSite\",\"@id\":\"https:\/\/ippsy-projekt.de\/#website\",\"url\":\"https:\/\/ippsy-projekt.de\/\",\"name\":\"Dolmetschen in der Psychotherapie\",\"description\":\"Interaktion und Bewertung, Prozess und Outcome.\",\"potentialAction\":[{\"@type\":\"SearchAction\",\"target\":{\"@type\":\"EntryPoint\",\"urlTemplate\":\"https:\/\/ippsy-projekt.de\/?s={search_term_string}\"},\"query-input\":\"required name=search_term_string\"}],\"inLanguage\":\"en-GB\"}]}<\/script>\n<!-- \/ Yoast SEO plugin. -->","yoast_head_json":{"title":"Impressum - Dolmetschen in der Psychotherapie","robots":{"index":"index","follow":"follow","max-snippet":"max-snippet:-1","max-image-preview":"max-image-preview:large","max-video-preview":"max-video-preview:-1"},"canonical":"https:\/\/ippsy-projekt.de\/en\/impressum\/","og_locale":"en_GB","og_type":"article","og_title":"Impressum - Dolmetschen in der Psychotherapie","og_description":"Prof. Dr. Kristin B\u00fchrigUniversit\u00e4t HamburgVon-Melle-Park 6, Postfach #15 20146 HamburgDeutschland Tel.: +49 40 42838-4775Fax: +49 40 42838-3553 Inhaltliche Verantwortlichkeit i. S. v. \u00a7 5 TMG und \u00a7 18 Abs. 2 MStV F\u00fcr die Richtigkeit und Aktualit\u00e4t der ver\u00f6ffentlichten Inhalte (auch Kommentare von Leserinnen und Lesern) sind die jeweiligen Erstellerinnen und Ersteller der einzelnen Seiten verantwortlich. [&hellip;]","og_url":"https:\/\/ippsy-projekt.de\/en\/impressum\/","og_site_name":"Dolmetschen in der Psychotherapie","article_modified_time":"2023-09-15T06:03:37+00:00","twitter_card":"summary_large_image","twitter_misc":{"Estimated reading time":"1 minute"},"schema":{"@context":"https:\/\/schema.org","@graph":[{"@type":"WebPage","@id":"https:\/\/ippsy-projekt.de\/impressum\/","url":"https:\/\/ippsy-projekt.de\/impressum\/","name":"Impressum - Dolmetschen in der Psychotherapie","isPartOf":{"@id":"https:\/\/ippsy-projekt.de\/#website"},"datePublished":"2023-09-07T18:20:49+00:00","dateModified":"2023-09-15T06:03:37+00:00","breadcrumb":{"@id":"https:\/\/ippsy-projekt.de\/impressum\/#breadcrumb"},"inLanguage":"en-GB","potentialAction":[{"@type":"ReadAction","target":["https:\/\/ippsy-projekt.de\/impressum\/"]}]},{"@type":"BreadcrumbList","@id":"https:\/\/ippsy-projekt.de\/impressum\/#breadcrumb","itemListElement":[{"@type":"ListItem","position":1,"name":"Startseite","item":"https:\/\/ippsy-projekt.de\/"},{"@type":"ListItem","position":2,"name":"Impressum"}]},{"@type":"WebSite","@id":"https:\/\/ippsy-projekt.de\/#website","url":"https:\/\/ippsy-projekt.de\/","name":"Dolmetschen in der Psychotherapie","description":"Interaktion und Bewertung, Prozess und Outcome.","potentialAction":[{"@type":"SearchAction","target":{"@type":"EntryPoint","urlTemplate":"https:\/\/ippsy-projekt.de\/?s={search_term_string}"},"query-input":"required name=search_term_string"}],"inLanguage":"en-GB"}]}},"_links":{"self":[{"href":"https:\/\/ippsy-projekt.de\/en\/wp-json\/wp\/v2\/pages\/38"}],"collection":[{"href":"https:\/\/ippsy-projekt.de\/en\/wp-json\/wp\/v2\/pages"}],"about":[{"href":"https:\/\/ippsy-projekt.de\/en\/wp-json\/wp\/v2\/types\/page"}],"author":[{"embeddable":true,"href":"https:\/\/ippsy-projekt.de\/en\/wp-json\/wp\/v2\/users\/1"}],"replies":[{"embeddable":true,"href":"https:\/\/ippsy-projekt.de\/en\/wp-json\/wp\/v2\/comments?post=38"}],"version-history":[{"count":3,"href":"https:\/\/ippsy-projekt.de\/en\/wp-json\/wp\/v2\/pages\/38\/revisions"}],"predecessor-version":[{"id":61,"href":"https:\/\/ippsy-projekt.de\/en\/wp-json\/wp\/v2\/pages\/38\/revisions\/61"}],"wp:attachment":[{"href":"https:\/\/ippsy-projekt.de\/en\/wp-json\/wp\/v2\/media?parent=38"}],"curies":[{"name":"wp","href":"https:\/\/api.w.org\/{rel}","templated":true}]}}